{"id":26,"date":"2014-09-15T16:45:31","date_gmt":"2014-09-15T14:45:31","guid":{"rendered":"http:\/\/b-livechor.ch\/wordpress\/?page_id=26"},"modified":"2026-03-08T10:31:08","modified_gmt":"2026-03-08T08:31:08","slug":"details","status":"publish","type":"page","link":"https:\/\/b-livechor.ch\/wordpress\/?page_id=26","title":{"rendered":"Details"},"content":{"rendered":"<p><span style=\"color: #000000;\"><strong>MUSIKALISCHE LEITUNG<\/strong>:<br \/>\n<strong>Jon Colbath<\/strong> hat im Juni 2023 die musikalische Leitung von b-live choir \u00fcbernommen. Seine A-cappella-Wurzeln stammen von seinem Gro\u00dfvater und seinen Br\u00fcdern, die in den 1940er Jahren unter dem Namen &#8222;The Colbath Brothers&#8220; Barbershop-Gesang auff\u00fchrten und aufnahmen. Diese musikalische Harmonietradition wurde von seinen Eltern gepflegt, die in ihrer Kirche die Folk-Messe leiteten, als Jon noch ein Kind war. In der High School trat er in allen m\u00f6glichen Vokalensembles und Theaterauff\u00fchrungen auf, und an der Universit\u00e4t studierte er Musik und Gesang.<\/span><\/p>\n<p><span style=\"color: #000000;\">Er ist musikalischer Leiter und Interpret von The Singing Pinguins, denen er 1995 an seinem vierten Tag in der Schweiz beitrat. Mit ihnen ist er auf Hunderten von B\u00fchnen aufgetreten und hat f\u00fcnf CDs aufgenommen, die letzten drei als Produzent. Jon ist auch Gr\u00fcndungsmitglied von A-live, der A-cappella-Gruppe, von der b-live seinen Namen hat.<\/span><\/p>\n<p><span style=\"color: #000000;\">Von 2000 bis 2019 trat Jon mit A-live auf allen m\u00f6glichen B\u00fchnen in der Schweiz, Europa und den USA auf und hatte zahlreiche Fernsehauftritte. W\u00e4hrend seiner Zeit bei A-live war er musikalischer Leiter, Showautor und Produzent f\u00fcr mehrere der acht Studio-CDs der Gruppe. Zus\u00e4tzlich zu seinem Gesangsunterricht gibt Jon auch Gitarrenunterricht. <\/span><\/p>\n<hr \/>\n<p><span style=\"color: #000000;\"><strong>GESCHICHTE<\/strong>: <\/span><br \/>\n<span style=\"color: #000000;\">b-live wurde im Fr\u00fchling 2005 vom a-live Mitbegr\u00fcnder Peter Zehnder als Acappella-Chor gegr\u00fcndet und geleitet. Er brachte singbegeisterte Laien zusammen und machte sie auftrittsfit,\u00a0um die Acappella-Gruppe a-live gelegentlich an Anl\u00e4ssen und Konzerten vierstimmig zu begleiten. So kam die Startformation zur einmaligen Gelegenheit,\u00a0als Backgrounds an Weihnachtskonzerten im Kongresshaus und\u00a0 in der\u00a0 Maag Event Hall mitwirken zu k\u00f6nnen. Im Sommer 2007 haben wir die Vereins-Rechtsform angenommen und sind somit\u00a0selbst\u00e4ndig und unabh\u00e4ngig geworden.\u00a0<\/span><\/p>\n<p><span style=\"color: #000000;\">Von 2007 bis 2016 wurde unser Chor durch Marco Kunz geleitet, gepr\u00e4gt und weiterentwickelt. <a href=\"https:\/\/www.kunzmusik.ch\/\" target=\"_blank\" rel=\"noopener\">KUNZ<\/a> ist heute erfolgreich mit seiner eigenen Band unterwegs.<\/span><\/p>\n<p><span style=\"color: #000000;\">Von 2016 &#8211; April 2021\u00a0 wurde der Chor von Michael Heiniger geleitet. Die Covers und Eigenkompositionen waren vom Chorleiter eigens f\u00fcr uns arrangiert worden. Michael ist in einer musikalischen Familie geboren und tritt seit 2012 zusammen mit seiner Schwester als <strong><span style=\"color: #c0c0c0;\">Silver<\/span><span style=\"color: #0000ff;\">Blue<\/span><\/strong> auf\u00a0<span style=\"text-decoration: underline;\"><span style=\"color: #3366ff; text-decoration: underline;\"><a href=\"http:\/\/www.silverblue.ch\/de\/home\">www.silverblue.ch<\/a><\/span><\/span>. <span style=\"color: #3366ff;\"><span style=\"color: #000000;\">Auch singt Michael neu im Acappella Chor <\/span><span style=\"text-decoration: underline;\"><a href=\"https:\/\/invivas.ch\/\">INVIVAS.<\/a><\/span><\/span><\/span><\/p>\n<p>Im Juni 2021 \u00fcbernahm Stephan Schaberl die Chorleitung w\u00e4hrend zwei Jahren. Als begnadeter Vocal-Bassist ist Stephan auch gelernter Schauspieler und tragende Stimme bei A-live. Im November 2022 waren wir bei ihrem A-cappella-Show-Act in K\u00fcsnacht ZH mit dabei, was f\u00fcr uns eine tolle Erfahrung war.<\/p>\n<hr \/>\n<p><span style=\"color: #000000;\"><strong>CHORPROBEN<\/strong>:<br \/>\nWir proben montags, 19:15 &#8211; 21:15 Uhr (15 Min. Pause mit einberechnet) im <a href=\"https:\/\/maps.app.goo.gl\/4kYQF3Ae6L4wJA3NA\">Schulhaus Zentrum Rigistrasse 4, 8700 K\u00fcsnacht ZH<\/a>, in der N\u00e4he des Bahnhofs. W\u00e4hrend der Stadt Z\u00fcrcher Schulferien g\u00f6nnen wir uns jeweils eine Auszeit.<\/span><\/p>\n<p><span style=\"color: #000000;\">In den Proben bereiten wir uns auf Engagements oder unser Jahreskonzert vor. Im Zentrum steht die Freude am Singen und an der Gemeinschaft, aber auch der Ehrgeiz, unser Repertoire zu erweitern und unser K\u00f6nnen zu verbessern.<\/span><\/p>\n<p><span style=\"color: #000000;\">Wir \u00fcben in aller Regel in der Gesamtformation, f\u00fcr Feinabstimmungen aber auch immer wieder mal in Kleingruppen mit Vertretern aller Stimmlagen. Es wird eine Pr\u00e4senzzeit von 80% erwartet.<\/span><\/p>\n<hr \/>\n<p><span style=\"color: #000000;\"><strong>ORGANISATION &amp; MITGLIEDSCHAFT:<\/strong><br \/>\nWir haben uns in der Vereins-Rechtsform organisiert.<\/span><\/p>\n<p><span style=\"color: #000000;\">Die Vorstandsmitglieder:<\/span><\/p>\n<ul>\n<li><span style=\"color: #000000;\">Nino Marsolo<\/span><\/li>\n<li><span style=\"color: #000000;\">Rosa Maria Bengoechea<\/span><\/li>\n<li><span style=\"color: #000000;\">Arno Lampe<br \/>\n<\/span><\/li>\n<li><span style=\"color: #000000;\">Kasse: Petra Hugentobler<\/span><span style=\"color: #000000;\"><br \/>\n<\/span><\/li>\n<li><span style=\"color: #000000;\">Webmaster: Nino Marsolo\/Enzo Marsolo<\/span><\/li>\n<\/ul>\n<p><span style=\"color: #000000;\">Alle Vorstandsmitglieder arbeiten ehrenamtlich.<\/span><\/p>\n<p><span style=\"color: #000000;\">Der musikalische Leiter ist vom Verein angestellt.<\/span><\/p>\n<p><span style=\"color: #000000;\"><strong>Vereinsstatuten<\/strong>\u00a0<a href=\"https:\/\/b-livechor.ch\/wordpress\/wp-content\/uploads\/2015\/02\/2015_Statuten.pdf\">2015_Statuten<\/a><\/span><\/p>\n<p><span style=\"color: #000000;\"><strong>Mitgliederbeitrag pro Vereinsjahr<\/strong><\/span><\/p>\n<table width=\"100%\">\n<tbody>\n<tr>\n<td width=\"40%\"><span style=\"color: #000000;\">Aktivmitglied<\/span><\/td>\n<td width=\"60%\"><span style=\"color: #000000;\">CHF 500.-<\/span><\/td>\n<\/tr>\n<tr>\n<td width=\"40%\"><span style=\"color: #000000;\">Studierende (Vollzeitstudenten)<\/span><\/td>\n<td width=\"60%\"><span style=\"color: #000000;\">CHF 300.-<\/span><\/td>\n<\/tr>\n<tr>\n<td width=\"40%\"><span style=\"color: #000000;\">G\u00f6nner<\/span><\/td>\n<td width=\"60%\"><span style=\"color: #000000;\">\u00dcber einen kleinen (oder gr\u00f6sseren) Zustupf f\u00fcr unsere Projekte freuen wir uns jederzeit.<\/span><\/td>\n<\/tr>\n<\/tbody>\n<\/table>\n<p><span style=\"color: #000000;\">\u00a0<\/span><\/p>\n<p><span style=\"color: #000000;\">M\u00f6chtest du gerne bei uns mitsingen? Schreib bitte unserem musikalischen Leiter Jon Colbath via eMail unter: info@b-livechor.ch<\/span><\/p>\n","protected":false},"excerpt":{"rendered":"<p>MUSIKALISCHE LEITUNG: Jon Colbath hat im Juni 2023 die musikalische Leitung von b-live choir \u00fcbernommen. Seine A-cappella-Wurzeln stammen von seinem Gro\u00dfvater und seinen Br\u00fcdern, die in den 1940er Jahren unter dem Namen &#8222;The Colbath Brothers&#8220; Barbershop-Gesang auff\u00fchrten und aufnahmen. Diese musikalische Harmonietradition wurde von seinen Eltern gepflegt, die in ihrer Kirche die Folk-Messe leiteten, als &hellip; <\/p>\n<p class=\"link-more\"><a href=\"https:\/\/b-livechor.ch\/wordpress\/?page_id=26\" class=\"more-link\"><span class=\"screen-reader-text\">\u201eDetails\u201c <\/span>weiterlesen<\/a><\/p>\n","protected":false},"author":3,"featured_media":0,"parent":0,"menu_order":2,"comment_status":"closed","ping_status":"closed","template":"","meta":{"footnotes":""},"class_list":["post-26","page","type-page","status-publish","hentry"],"_links":{"self":[{"href":"https:\/\/b-livechor.ch\/wordpress\/index.php?rest_route=\/wp\/v2\/pages\/26","targetHints":{"allow":["GET"]}}],"collection":[{"href":"https:\/\/b-livechor.ch\/wordpress\/index.php?rest_route=\/wp\/v2\/pages"}],"about":[{"href":"https:\/\/b-livechor.ch\/wordpress\/index.php?rest_route=\/wp\/v2\/types\/page"}],"author":[{"embeddable":true,"href":"https:\/\/b-livechor.ch\/wordpress\/index.php?rest_route=\/wp\/v2\/users\/3"}],"replies":[{"embeddable":true,"href":"https:\/\/b-livechor.ch\/wordpress\/index.php?rest_route=%2Fwp%2Fv2%2Fcomments&post=26"}],"version-history":[{"count":79,"href":"https:\/\/b-livechor.ch\/wordpress\/index.php?rest_route=\/wp\/v2\/pages\/26\/revisions"}],"predecessor-version":[{"id":5299,"href":"https:\/\/b-livechor.ch\/wordpress\/index.php?rest_route=\/wp\/v2\/pages\/26\/revisions\/5299"}],"wp:attachment":[{"href":"https:\/\/b-livechor.ch\/wordpress\/index.php?rest_route=%2Fwp%2Fv2%2Fmedia&parent=26"}],"curies":[{"name":"wp","href":"https:\/\/api.w.org\/{rel}","templated":true}]}}